{"id":10299,"date":"2025-01-09T09:09:07","date_gmt":"2025-01-09T09:09:07","guid":{"rendered":"https:\/\/moroccanbrocade.net\/termini-e-condizioni\/"},"modified":"2025-08-22T14:01:44","modified_gmt":"2025-08-22T14:01:44","slug":"termini-e-condizioni","status":"publish","type":"page","link":"https:\/\/moroccanbrocade.net\/it\/termini-e-condizioni\/","title":{"rendered":"Termini e condizioni"},"content":{"rendered":"\t\t<div data-elementor-type=\"wp-page\" data-elementor-id=\"10299\" class=\"elementor elementor-10299 elementor-4390\" data-elementor-post-type=\"page\">\n\t\t\t\t<div class=\"elementor-element elementor-element-26d852b e-flex e-con-boxed e-con e-parent\" data-id=\"26d852b\" data-element_type=\"container\">\n\t\t\t\t\t<div class=\"e-con-inner\">\n\t\t\t\t<div class=\"elementor-element elementor-element-06ccbbb elementor-widget elementor-widget-text-editor\" data-id=\"06ccbbb\" data-element_type=\"widget\" data-widget_type=\"text-editor.default\">\n\t\t\t\t<div class=\"elementor-widget-container\">\n\t\t\t\t\t\t\t\t\t<p>TERMINI DI SERVIZIO<\/p><p>Ultimo aggiornamento: [09\/01\/2025]<\/p><p>Benvenuti in Broccato marocchino. Si prega di leggere attentamente i presenti Termini di servizio prima di utilizzare il nostro sito Web e i nostri servizi. Accedendo o utilizzando il nostro sito web, l&#8217;utente accetta di essere vincolato dai presenti Termini di servizio.  <\/p><p>1. Accettazione dei termini<br>Utilizzando questo sito Web (moroccanbrocade.net) e\/o acquistando prodotti da Maroccan Brocade, l&#8217;utente accetta i presenti Termini di servizio, comprese le politiche o le linee guida qui incorporate per riferimento. Se non si accettano questi termini, si prega di non utilizzare il nostro sito Web o acquistare i nostri prodotti. <\/p><p>2. Utilizzo del sito web<br>\u00c8 possibile utilizzare il nostro sito Web solo per scopi legali. \u00c8 vietato:<br>* Utilizzare il sito web in qualsiasi modo che violi le leggi o i regolamenti applicabili.<br>* Impersonare qualsiasi persona o entit\u00e0 o travisare la propria affiliazione con qualsiasi persona o entit\u00e0.<br>* Pubblicare o trasmettere qualsiasi contenuto illegale, dannoso, minaccioso, offensivo, molesto, diffamatorio, volgare, osceno, calunnioso, invasivo della privacy altrui, odioso o discutibile dal punto di vista razziale, etnico o di altro tipo.<br>* Tentativo di ottenere l&#8217;accesso non autorizzato a qualsiasi parte del sito Web o ai relativi sistemi.<br>* Utilizzando qualsiasi metodo di data mining, robot o simili per la raccolta o l&#8217;estrazione di dati. <\/p><p>3. Prodotti e prezzi<br>Facciamo ogni sforzo per garantire che le informazioni sui prodotti e i prezzi sul nostro sito web siano accurati. Tuttavia, possono verificarsi errori. Ci riserviamo il diritto di correggere eventuali errori o imprecisioni e di modificare o aggiornare le informazioni in qualsiasi momento senza preavviso. Ci riserviamo inoltre il diritto di limitare le quantit\u00e0 disponibili per la vendita.   <\/p><p>4. Ordinazione e pagamento<br>Tutti gli ordini sono soggetti all&#8217;accettazione da parte di Maroccan Brocade. Ci riserviamo il diritto di rifiutare o annullare un ordine per qualsiasi motivo, comprese le limitazioni sulle quantit\u00e0 disponibili per l&#8217;acquisto, imprecisioni o errori nelle informazioni sui prodotti o sui prezzi o problemi identificati dal nostro dipartimento di prevenzione del credito e delle frodi.<br>Il pagamento dell&#8217;ordine deve essere effettuato al momento dell&#8217;acquisto. Accettiamo [Elenca i metodi di pagamento accettati, ad es. carte di credito, PayPal, ecc.]. L&#8217;utente accetta di fornire informazioni aggiornate, complete e accurate sull&#8217;acquisto e sull&#8217;account per tutti gli acquisti effettuati presso il nostro negozio. L&#8217;utente accetta di aggiornare tempestivamente il proprio account e altre informazioni, inclusi l&#8217;indirizzo e-mail e i numeri di carta di credito e le date di scadenza, in modo da poter completare le transazioni e contattare l&#8217;utente in caso di necessit\u00e0.    <\/p><p>5. Spedizione e consegna<br>Le nostre politiche di spedizione e consegna sono descritte nella nostra Politica di spedizione e restituzione, che \u00e8 incorporata nei presenti Termini di servizio per riferimento.<\/p><p>6. Resi e cambi<br>Le nostre politiche di restituzione e cambio sono descritte nella nostra Politica di spedizione e restituzione, che \u00e8 incorporata nei presenti Termini di servizio per riferimento.<\/p><p>7. Propriet\u00e0 intellettuale<br>Tutti i contenuti inclusi nel sito web, come testo, grafica, loghi, immagini e software, sono di propriet\u00e0 di Moroccan Brocade o dei suoi fornitori di contenuti e sono protetti da copyright, marchi e altre leggi sulla propriet\u00e0 intellettuale. L&#8217;utente non pu\u00f2 utilizzare, riprodurre, modificare o distribuire alcun contenuto del nostro sito Web senza il nostro esplicito consenso scritto. <\/p><p>8. Contenuti generati dall&#8217;utente<br>Inviando o pubblicando contenuti sul nostro sito web, l&#8217;utente ci concede un diritto non esclusivo, esente da royalty, perpetuo, irrevocabile e completamente cedibile in sublicenza di utilizzare, riprodurre, modificare, adattare, pubblicare, tradurre, creare opere derivate da, distribuire e visualizzare tali contenuti in tutto il mondo su qualsiasi supporto. L&#8217;utente dichiara e garantisce di possedere o altrimenti controllare tutti i diritti sui contenuti pubblicati; che il contenuto sia accurato; che l&#8217;uso dei contenuti forniti dall&#8217;utente non viola la presente informativa e non causer\u00e0 danni a persone o entit\u00e0; e che l&#8217;utente ci indennizzer\u00e0 per tutti i reclami derivanti dai contenuti forniti. <\/p><p>9. Esclusione di garanzie<br>Il nostro sito Web e i nostri prodotti sono forniti &#8220;cos\u00ec come sono&#8221; e &#8220;come disponibili&#8221;. Non forniamo garanzie di alcun tipo, esplicite o implicite, incluse, a titolo esemplificativo ma non esaustivo, garanzie di commerciabilit\u00e0, idoneit\u00e0 per uno scopo particolare e non violazione. Non garantiamo che il sito web sar\u00e0 ininterrotto o privo di errori.  <\/p><p>10. Limitazione di responsabilit\u00e0<br>In nessun caso il Marocco Brocade, i suoi direttori, funzionari, dipendenti o agenti saranno responsabili per eventuali danni indiretti, incidentali, speciali, consequenziali o punitivi derivanti dall&#8217;utilizzo del nostro sito Web o di qualsiasi prodotto acquistato tramite il nostro sito Web. La nostra responsabilit\u00e0 totale nei confronti dell&#8217;utente per qualsiasi reclamo derivante da o correlato ai presenti Termini di servizio o all&#8217;utilizzo del nostro sito Web o dei nostri prodotti non superer\u00e0 l&#8217;importo pagato dall&#8217;utente per il prodotto o il servizio in questione. <\/p><p>11. Indennizzo<br>L&#8217;utente accetta di indennizzare, difendere e tenere indenne Moroccan Brocade, i suoi direttori, funzionari, dipendenti e agenti da e contro qualsiasi reclamo, danno, perdita, costo, spesa (comprese le ragionevoli spese legali) e altre responsabilit\u00e0 derivanti da o in connessione con l&#8217;utilizzo del sito Web, la violazione dei presenti Termini di servizio o la violazione di qualsiasi diritto di terzi.<\/p><p>12. Legge applicabile<br>I presenti Termini di servizio sono regolati e interpretati in conformit\u00e0 con le leggi del Marocco, indipendentemente dai principi di conflitto di leggi.<\/p><p>13. Modifiche ai presenti Termini di servizio<br>Ci riserviamo il diritto di modificare i presenti Termini di servizio in qualsiasi momento. Eventuali modifiche entreranno in vigore immediatamente dopo la pubblicazione sul nostro sito web. L&#8217;uso continuato del sito Web dopo la pubblicazione di eventuali modifiche ai presenti Termini di servizio costituisce l&#8217;accettazione di tali modifiche.  <\/p><p>14. Contatti<br>In caso di domande sui presenti Termini di servizio, si prega di contattarci at:contact@moroccanbrocade.net O +212663318830 O 48 Rue Naciria, Tangeri, Marocco 90000.<\/p>\t\t\t\t\t\t\t\t<\/div>\n\t\t\t\t<\/div>\n\t\t\t\t\t<\/div>\n\t\t\t\t<\/div>\n\t\t\t\t<\/div>\n\t\t","protected":false},"excerpt":{"rendered":"<p>TERMINI DI SERVIZIO Ultimo aggiornamento: [09\/01\/2025] Benvenuti in Broccato marocchino. Si prega di leggere attentamente i presenti Termini di servizio prima di utilizzare il nostro sito Web e i nostri servizi. Accedendo o utilizzando il nostro sito web, l&#8217;utente accetta di essere vincolato dai presenti Termini di servizio. 1. Accettazione dei terminiUtilizzando questo sito Web [&hellip;]<\/p>\n","protected":false},"author":1,"featured_media":0,"parent":0,"menu_order":0,"comment_status":"closed","ping_status":"closed","template":"","meta":{"footnotes":""},"class_list":["post-10299","page","type-page","status-publish","hentry"],"_links":{"self":[{"href":"https:\/\/moroccanbrocade.net\/it\/wp-json\/wp\/v2\/pages\/10299","targetHints":{"allow":["GET"]}}],"collection":[{"href":"https:\/\/moroccanbrocade.net\/it\/wp-json\/wp\/v2\/pages"}],"about":[{"href":"https:\/\/moroccanbrocade.net\/it\/wp-json\/wp\/v2\/types\/page"}],"author":[{"embeddable":true,"href":"https:\/\/moroccanbrocade.net\/it\/wp-json\/wp\/v2\/users\/1"}],"replies":[{"embeddable":true,"href":"https:\/\/moroccanbrocade.net\/it\/wp-json\/wp\/v2\/comments?post=10299"}],"version-history":[{"count":1,"href":"https:\/\/moroccanbrocade.net\/it\/wp-json\/wp\/v2\/pages\/10299\/revisions"}],"predecessor-version":[{"id":10300,"href":"https:\/\/moroccanbrocade.net\/it\/wp-json\/wp\/v2\/pages\/10299\/revisions\/10300"}],"wp:attachment":[{"href":"https:\/\/moroccanbrocade.net\/it\/wp-json\/wp\/v2\/media?parent=10299"}],"curies":[{"name":"wp","href":"https:\/\/api.w.org\/{rel}","templated":true}]}}