{"id":10278,"date":"2025-01-09T09:00:25","date_gmt":"2025-01-09T09:00:25","guid":{"rendered":"https:\/\/moroccanbrocade.net\/informativa-sulla-privacy\/"},"modified":"2025-08-22T14:01:43","modified_gmt":"2025-08-22T14:01:43","slug":"informativa-sulla-privacy","status":"publish","type":"page","link":"https:\/\/moroccanbrocade.net\/it\/informativa-sulla-privacy\/","title":{"rendered":"Informativa sulla privacy"},"content":{"rendered":"\t\t<div data-elementor-type=\"wp-page\" data-elementor-id=\"10278\" class=\"elementor elementor-10278 elementor-4383\" data-elementor-post-type=\"page\">\n\t\t\t\t<div class=\"elementor-element elementor-element-26d852b e-flex e-con-boxed e-con e-parent\" data-id=\"26d852b\" data-element_type=\"container\" data-e-type=\"container\">\n\t\t\t\t\t<div class=\"e-con-inner\">\n\t\t\t\t<div class=\"elementor-element elementor-element-06ccbbb elementor-widget elementor-widget-text-editor\" data-id=\"06ccbbb\" data-element_type=\"widget\" data-e-type=\"widget\" data-widget_type=\"text-editor.default\">\n\t\t\t\t<div class=\"elementor-widget-container\">\n\t\t\t\t\t\t\t\t\t<p>Ultimo aggiornamento: [09\/01\/2025]<\/p><p>La tua privacy \u00e8 importante per noi. La presente Informativa sulla privacy spiega in che modo Moroccan Brocade raccoglie, utilizza e protegge le informazioni personali dell&#8217;utente durante l&#8217;utilizzo del nostro sito Web e dei nostri servizi. <\/p><p>1. Informazioni che raccogliamo<br>Raccogliamo informazioni personali da te quando:<br>* Registrati per un account sul nostro sito web.<br>* Effettua un ordine per i prodotti.<br>* Iscriviti alla nostra newsletter o ad altre comunicazioni di marketing.<br>* Contattaci tramite il nostro sito Web o i canali del servizio clienti.<br>* Partecipare a sondaggi, concorsi o promozioni.<\/p><p>I tipi di informazioni personali che possiamo raccogliere includono:<br>* Il tuo nome, indirizzo e-mail, numero di telefono e indirizzo postale.<br>* Le tue informazioni di fatturazione e spedizione.<br>* Le tue informazioni di pagamento (elaborate in modo sicuro da un fornitore di servizi di pagamento di terze parti).<br>* La cronologia degli acquisti e le preferenze.<br>* L&#8217;indirizzo IP, il tipo di browser e altre informazioni sul dispositivo.<\/p><p>2. Come utilizziamo le informazioni dell&#8217;utente<br>Utilizziamo le informazioni personali dell&#8217;utente per i seguenti scopi:<br>* Per elaborare ed evadere i tuoi ordini.<br>* Per comunicare con l&#8217;utente in merito ai suoi ordini, domande o richieste.<br>* Per personalizzare la tua esperienza sul nostro sito web.<br>* Per inviarti newsletter, materiale di marketing e offerte promozionali (se hai scelto di riceverle).<br>* Per migliorare il nostro sito web e i nostri servizi.<br>* Per ottemperare agli obblighi legali e regolamentari.<br>* Per prevenire le frodi e proteggere i nostri diritti.<\/p><p>3. Come condividiamo le informazioni dell&#8217;utente<br>Non vendiamo, scambiamo o trasferiamo in altro modo le informazioni personali dell&#8217;utente a terze parti, tranne nelle seguenti circostanze limitate:<br>* Ai nostri fornitori di servizi di terze parti di fiducia che ci assistono nella gestione del nostro sito Web, nell&#8217;elaborazione dei pagamenti, nella consegna degli ordini, nell&#8217;invio di comunicazioni di marketing o in altre attivit\u00e0 correlate all&#8217;attivit\u00e0. Questi fornitori sono obbligati a mantenere riservate le informazioni dell&#8217;utente. <br>* Quando richiesto dalla legge, ad esempio in risposta a un mandato di comparizione o a un&#8217;ordinanza del tribunale.<br>* Per proteggere i diritti, la propriet\u00e0 o la sicurezza del broccato marocchino o di altri.<br>* In relazione a una fusione, acquisizione o vendita dei nostri beni (nel qual caso le informazioni dell&#8217;utente possono essere trasferite a un&#8217;entit\u00e0 successore).<\/p><p>4. Sicurezza dei dati<br>Adottiamo misure ragionevoli per proteggere le informazioni personali dell&#8217;utente da accesso, uso o divulgazione non autorizzati. Tuttavia, nessun sistema di sicurezza \u00e8 impenetrabile e non possiamo garantire la sicurezza delle tue informazioni. Utilizziamo la crittografia standard del settore per proteggere le tue informazioni sensibili durante la trasmissione.  <\/p><p>5. Biscotti<br>Il nostro sito web utilizza cookie e altre tecnologie di tracciamento per raccogliere informazioni sul tuo comportamento di navigazione. I cookie sono piccoli file di dati memorizzati sul tuo computer o dispositivo mobile. Utilizziamo i cookie per personalizzare la tua esperienza, analizzare le tendenze, tracciare i movimenti degli utenti e migliorare i nostri servizi. \u00c8 possibile controllare i cookie attraverso le impostazioni del browser.   <\/p><p>6. I tuoi diritti<br>L&#8217;utente ha il diritto di:<br>* Accedere alle informazioni personali in nostro possesso.<br>* Richiedi correzioni alle tue informazioni personali.<br>* Richiedere la cancellazione delle proprie informazioni personali (fatte salve alcune limitazioni).<br>* Rinunciare a ricevere comunicazioni di marketing da noi.<br>* Presentare un reclamo a un&#8217;autorit\u00e0 di controllo.<\/p><p>7. Privacy dei bambini<br>Il nostro sito web non \u00e8 destinato a bambini di et\u00e0 inferiore ai 13 anni. Non raccogliamo consapevolmente informazioni personali da bambini di et\u00e0 inferiore ai 13 anni. Se sei un genitore o un tutore e ritieni che tuo figlio ci abbia fornito informazioni personali, ti preghiamo di contattarci immediatamente.  <\/p><p>8. Siti web di terze parti<br>Il nostro sito web pu\u00f2 contenere link a siti web di terze parti che non sono regolati dalla presente Informativa sulla privacy. Non siamo responsabili per le pratiche sulla privacy di questi siti web. Ti consigliamo di rivedere le politiche sulla privacy di tutti i siti Web di terze parti che visiti.  <\/p><p>9. Modifiche alla presente Informativa sulla privacy<br>Ci riserviamo il diritto di modificare la presente Informativa sulla privacy in qualsiasi momento. Eventuali modifiche entreranno in vigore immediatamente dopo la pubblicazione sul nostro sito web. L&#8217;uso continuato del sito Web dopo la pubblicazione di eventuali modifiche alla presente Informativa sulla privacy costituisce l&#8217;accettazione di tali modifiche.  <\/p><p>10. Contatti<br>In caso di domande sulla presente Informativa sulla privacy, si prega di contattarci all&#8217;indirizzo: contact@moroccanbrocade.net Or +212663318830 Or 48 Rue Naciria, Tangeri, Marocco 90000.<\/p>\t\t\t\t\t\t\t\t<\/div>\n\t\t\t\t<\/div>\n\t\t\t\t\t<\/div>\n\t\t\t\t<\/div>\n\t\t\t\t<\/div>\n\t\t","protected":false},"excerpt":{"rendered":"<p>Ultimo aggiornamento: [09\/01\/2025] La tua privacy \u00e8 importante per noi. La presente Informativa sulla privacy spiega in che modo Moroccan Brocade raccoglie, utilizza e protegge le informazioni personali dell&#8217;utente durante l&#8217;utilizzo del nostro sito Web e dei nostri servizi. 1. Informazioni che raccogliamoRaccogliamo informazioni personali da te quando:* Registrati per un account sul nostro sito [&hellip;]<\/p>\n","protected":false},"author":1,"featured_media":0,"parent":0,"menu_order":0,"comment_status":"closed","ping_status":"closed","template":"","meta":{"footnotes":""},"class_list":["post-10278","page","type-page","status-publish","hentry"],"_links":{"self":[{"href":"https:\/\/moroccanbrocade.net\/it\/wp-json\/wp\/v2\/pages\/10278","targetHints":{"allow":["GET"]}}],"collection":[{"href":"https:\/\/moroccanbrocade.net\/it\/wp-json\/wp\/v2\/pages"}],"about":[{"href":"https:\/\/moroccanbrocade.net\/it\/wp-json\/wp\/v2\/types\/page"}],"author":[{"embeddable":true,"href":"https:\/\/moroccanbrocade.net\/it\/wp-json\/wp\/v2\/users\/1"}],"replies":[{"embeddable":true,"href":"https:\/\/moroccanbrocade.net\/it\/wp-json\/wp\/v2\/comments?post=10278"}],"version-history":[{"count":1,"href":"https:\/\/moroccanbrocade.net\/it\/wp-json\/wp\/v2\/pages\/10278\/revisions"}],"predecessor-version":[{"id":10280,"href":"https:\/\/moroccanbrocade.net\/it\/wp-json\/wp\/v2\/pages\/10278\/revisions\/10280"}],"wp:attachment":[{"href":"https:\/\/moroccanbrocade.net\/it\/wp-json\/wp\/v2\/media?parent=10278"}],"curies":[{"name":"wp","href":"https:\/\/api.w.org\/{rel}","templated":true}]}}