{"id":9058,"date":"2025-01-09T09:00:25","date_gmt":"2025-01-09T09:00:25","guid":{"rendered":"https:\/\/moroccanbrocade.net\/politique-de-confidentialite\/"},"modified":"2025-08-13T02:18:25","modified_gmt":"2025-08-13T02:18:25","slug":"politique-de-confidentialite","status":"publish","type":"page","link":"https:\/\/moroccanbrocade.net\/fr\/politique-de-confidentialite\/","title":{"rendered":"Politique de confidentialit\u00e9"},"content":{"rendered":"\t\t<div data-elementor-type=\"wp-page\" data-elementor-id=\"9058\" class=\"elementor elementor-9058 elementor-4383\" data-elementor-post-type=\"page\">\n\t\t\t\t<div class=\"elementor-element elementor-element-26d852b e-flex e-con-boxed e-con e-parent\" data-id=\"26d852b\" data-element_type=\"container\" data-e-type=\"container\">\n\t\t\t\t\t<div class=\"e-con-inner\">\n\t\t\t\t<div class=\"elementor-element elementor-element-06ccbbb elementor-widget elementor-widget-text-editor\" data-id=\"06ccbbb\" data-element_type=\"widget\" data-e-type=\"widget\" data-widget_type=\"text-editor.default\">\n\t\t\t\t<div class=\"elementor-widget-container\">\n\t\t\t\t\t\t\t\t\t<p>Derni\u00e8re mise \u00e0 jour&nbsp;: [09\/01\/2025]<\/p><p>Votre vie priv\u00e9e est importante pour nous. Cette politique de confidentialit\u00e9 explique comment Moroccan Brocade collecte, utilise et prot\u00e8ge vos informations personnelles lorsque vous utilisez notre site web et nos services.<\/p><p>1. Informations que nous collectons<br>Nous collectons des informations personnelles aupr\u00e8s de vous lorsque vous&nbsp;:<br>* Cr\u00e9ez un compte sur notre site web.<br>* Passez une commande de produits.<br>* Vous abonnez \u00e0 notre newsletter ou \u00e0 d\u2019autres communications marketing.<br>* Nous contactez via notre site web ou nos canaux de service client.<br>* Participez \u00e0 des sondages, des concours ou des promotions.<\/p><p>Les types d\u2019informations personnelles que nous pouvons collecter comprennent&nbsp;:<br>* Votre nom, votre adresse e-mail, votre num\u00e9ro de t\u00e9l\u00e9phone et votre adresse postale.<br>* Vos informations de facturation et d\u2019exp\u00e9dition.<br>* Vos informations de paiement (trait\u00e9es en toute s\u00e9curit\u00e9 par un fournisseur de paiement tiers).<br>* Votre historique d\u2019achats et vos pr\u00e9f\u00e9rences.<br>* Votre adresse IP, votre type de navigateur et d\u2019autres informations sur votre appareil.<\/p><p>2. Comment nous utilisons vos informations<br>Nous utilisons vos informations personnelles aux fins suivantes&nbsp;:<br>* Pour traiter et ex\u00e9cuter vos commandes.<br>* Pour communiquer avec vous au sujet de vos commandes, demandes de renseignements ou requ\u00eates.<br>* Pour personnaliser votre exp\u00e9rience sur notre site web.<br>* Pour vous envoyer des newsletters, des documents marketing et des offres promotionnelles (si vous avez choisi de les recevoir).<br>* Pour am\u00e9liorer notre site web et nos services.<br>* Pour nous conformer aux obligations l\u00e9gales et r\u00e9glementaires.<br>* Pour pr\u00e9venir la fraude et prot\u00e9ger nos droits.<\/p><p>3. Comment nous partageons vos informations<br>Nous ne vendons, n\u2019\u00e9changeons ni ne transf\u00e9rons vos informations personnelles \u00e0 des tiers, sauf dans les circonstances limit\u00e9es suivantes&nbsp;:<br>* \u00c0 nos prestataires de services tiers de confiance qui nous aident \u00e0 exploiter notre site web, \u00e0 traiter les paiements, \u00e0 livrer les commandes, \u00e0 envoyer des communications marketing ou \u00e0 mener d\u2019autres activit\u00e9s li\u00e9es \u00e0 l\u2019entreprise. Ces fournisseurs sont tenus de garder vos informations confidentielles.<br>* Lorsque la loi l\u2019exige, par exemple en r\u00e9ponse \u00e0 une citation \u00e0 compara\u00eetre ou \u00e0 une ordonnance d\u2019un tribunal.<br>* Pour prot\u00e9ger les droits, la propri\u00e9t\u00e9 ou la s\u00e9curit\u00e9 de Moroccan Brocade ou d\u2019autres.<br>* Dans le cadre d\u2019une fusion, d\u2019une acquisition ou d\u2019une vente de nos actifs (auquel cas vos informations peuvent \u00eatre transf\u00e9r\u00e9es \u00e0 une entit\u00e9 successeur).<\/p><p>4. S\u00e9curit\u00e9 des donn\u00e9es<br>Nous prenons des mesures raisonnables pour prot\u00e9ger vos informations personnelles contre tout acc\u00e8s, utilisation ou divulgation non autoris\u00e9s. Cependant, aucun syst\u00e8me de s\u00e9curit\u00e9 n\u2019est imp\u00e9n\u00e9trable, et nous ne pouvons pas garantir la s\u00e9curit\u00e9 de vos informations. Nous utilisons un cryptage standard de l\u2019industrie pour prot\u00e9ger vos informations sensibles pendant la transmission.<\/p><p>5. Cookies<br>Notre site web utilise des cookies et d\u2019autres technologies de suivi pour collecter des informations sur votre comportement de navigation. Les cookies sont de petits fichiers de donn\u00e9es stock\u00e9s sur votre ordinateur ou votre appareil mobile. Nous utilisons des cookies pour personnaliser votre exp\u00e9rience, analyser les tendances, suivre les mouvements des utilisateurs et am\u00e9liorer nos services. Vous pouvez contr\u00f4ler les cookies via les param\u00e8tres de votre navigateur.<\/p><p>6. Vos droits<br>Vous avez le droit de&nbsp;:<br>* Acc\u00e9der \u00e0 vos informations personnelles que nous d\u00e9tenons.<br>* Demander des corrections \u00e0 vos informations personnelles.<br>* Demander que vos informations personnelles soient supprim\u00e9es (sous r\u00e9serve de certaines limitations).<br>* Refuser de recevoir des communications marketing de notre part.<br>* D\u00e9poser une plainte aupr\u00e8s d\u2019une autorit\u00e9 de surveillance.<\/p><p>7. Confidentialit\u00e9 des enfants<br>Notre site web n\u2019est pas destin\u00e9 aux enfants de moins de 13&nbsp;ans. Nous ne collectons pas sciemment d\u2019informations personnelles aupr\u00e8s d\u2019enfants de moins de 13&nbsp;ans. Si vous \u00eates un parent ou un tuteur et que vous pensez que votre enfant nous a fourni des informations personnelles, veuillez nous contacter imm\u00e9diatement.<\/p><p>8. Sites web tiers<br>Notre site web peut contenir des liens vers des sites web tiers qui ne sont pas r\u00e9gis par cette politique de confidentialit\u00e9. Nous ne sommes pas responsables des pratiques de confidentialit\u00e9 de ces sites web. Nous vous recommandons de consulter les politiques de confidentialit\u00e9 de tous les sites web tiers que vous visitez.<\/p><p>9. Modifications de cette politique de confidentialit\u00e9<br>Nous nous r\u00e9servons le droit de modifier cette politique de confidentialit\u00e9 \u00e0 tout moment. Toute modification entrera en vigueur imm\u00e9diatement apr\u00e8s sa publication sur notre site web. Votre utilisation continue du site web apr\u00e8s la publication de toute modification de cette politique de confidentialit\u00e9 constitue votre acceptation de ces modifications.<\/p><p>10. Contactez-nous<br>Si vous avez des questions concernant cette politique de confidentialit\u00e9, veuillez nous contacter \u00e0&nbsp;: contact@moroccanbrocade.net Ou +212663318830 Ou 48 Rue Naciria, Tanger, Maroc 90000.<\/p>\t\t\t\t\t\t\t\t<\/div>\n\t\t\t\t<\/div>\n\t\t\t\t\t<\/div>\n\t\t\t\t<\/div>\n\t\t\t\t<\/div>\n\t\t","protected":false},"excerpt":{"rendered":"<p>Derni\u00e8re mise \u00e0 jour&nbsp;: [09\/01\/2025] Votre vie priv\u00e9e est importante pour nous. Cette politique de confidentialit\u00e9 explique comment Moroccan Brocade collecte, utilise et prot\u00e8ge vos informations personnelles lorsque vous utilisez notre site web et nos services. 1. Informations que nous collectonsNous collectons des informations personnelles aupr\u00e8s de vous lorsque vous&nbsp;:* Cr\u00e9ez un compte sur notre [&hellip;]<\/p>\n","protected":false},"author":1,"featured_media":0,"parent":0,"menu_order":0,"comment_status":"closed","ping_status":"closed","template":"","meta":{"footnotes":""},"class_list":["post-9058","page","type-page","status-publish","hentry"],"_links":{"self":[{"href":"https:\/\/moroccanbrocade.net\/fr\/wp-json\/wp\/v2\/pages\/9058","targetHints":{"allow":["GET"]}}],"collection":[{"href":"https:\/\/moroccanbrocade.net\/fr\/wp-json\/wp\/v2\/pages"}],"about":[{"href":"https:\/\/moroccanbrocade.net\/fr\/wp-json\/wp\/v2\/types\/page"}],"author":[{"embeddable":true,"href":"https:\/\/moroccanbrocade.net\/fr\/wp-json\/wp\/v2\/users\/1"}],"replies":[{"embeddable":true,"href":"https:\/\/moroccanbrocade.net\/fr\/wp-json\/wp\/v2\/comments?post=9058"}],"version-history":[{"count":1,"href":"https:\/\/moroccanbrocade.net\/fr\/wp-json\/wp\/v2\/pages\/9058\/revisions"}],"predecessor-version":[{"id":9059,"href":"https:\/\/moroccanbrocade.net\/fr\/wp-json\/wp\/v2\/pages\/9058\/revisions\/9059"}],"wp:attachment":[{"href":"https:\/\/moroccanbrocade.net\/fr\/wp-json\/wp\/v2\/media?parent=9058"}],"curies":[{"name":"wp","href":"https:\/\/api.w.org\/{rel}","templated":true}]}}