{"id":9054,"date":"2025-01-09T09:09:07","date_gmt":"2025-01-09T09:09:07","guid":{"rendered":"https:\/\/moroccanbrocade.net\/conditions-generales\/"},"modified":"2025-08-13T02:18:16","modified_gmt":"2025-08-13T02:18:16","slug":"conditions-generales","status":"publish","type":"page","link":"https:\/\/moroccanbrocade.net\/fr\/conditions-generales\/","title":{"rendered":"Conditions g\u00e9n\u00e9rales"},"content":{"rendered":"\t\t<div data-elementor-type=\"wp-page\" data-elementor-id=\"9054\" class=\"elementor elementor-9054 elementor-4390\" data-elementor-post-type=\"page\">\n\t\t\t\t<div class=\"elementor-element elementor-element-26d852b e-flex e-con-boxed e-con e-parent\" data-id=\"26d852b\" data-element_type=\"container\">\n\t\t\t\t\t<div class=\"e-con-inner\">\n\t\t\t\t<div class=\"elementor-element elementor-element-06ccbbb elementor-widget elementor-widget-text-editor\" data-id=\"06ccbbb\" data-element_type=\"widget\" data-widget_type=\"text-editor.default\">\n\t\t\t\t<div class=\"elementor-widget-container\">\n\t\t\t\t\t\t\t\t\t<p>CONDITIONS D&rsquo;UTILISATION<\/p><p>Derni\u00e8re mise \u00e0 jour&nbsp;: [09\/01\/2025]<\/p><p>Bienvenue chez moroccan brocade. Veuillez lire attentivement les pr\u00e9sentes Conditions d&rsquo;utilisation avant d&rsquo;utiliser notre site web et nos services. En acc\u00e9dant \u00e0 notre site web ou en l&rsquo;utilisant, vous acceptez d&rsquo;\u00eatre li\u00e9 par les pr\u00e9sentes Conditions d&rsquo;utilisation.<\/p><p>1. Acceptation des conditions<br>En utilisant ce site web (moroccanbrocade.net) et\/ou en achetant des produits aupr\u00e8s de Moroccan Brocade, vous acceptez les pr\u00e9sentes Conditions d&rsquo;utilisation, y compris toutes les politiques ou directives int\u00e9gr\u00e9es aux pr\u00e9sentes par r\u00e9f\u00e9rence. Si vous n&rsquo;acceptez pas ces conditions, veuillez ne pas utiliser notre site web ni acheter nos produits.<\/p><p>2. Utilisation du site web<br>Vous ne pouvez utiliser notre site web qu&rsquo;\u00e0 des fins l\u00e9gales. Il vous est interdit de&nbsp;:<br>* Utiliser le site web d&rsquo;une mani\u00e8re qui viole les lois ou r\u00e9glementations applicables.<br>* Usurper l&rsquo;identit\u00e9 d&rsquo;une personne ou d&rsquo;une entit\u00e9 ou pr\u00e9senter de mani\u00e8re inexacte votre affiliation avec une personne ou une entit\u00e9.<br>* Publier ou transmettre tout contenu ill\u00e9gal, nuisible, mena\u00e7ant, abusif, harcelant, diffamatoire, vulgaire, obsc\u00e8ne, calomnieux, portant atteinte \u00e0 la vie priv\u00e9e d&rsquo;autrui, haineux ou racialement, ethniquement ou autrement r\u00e9pr\u00e9hensible.<br>* Tenter d&rsquo;obtenir un acc\u00e8s non autoris\u00e9 \u00e0 une partie du site web ou \u00e0 ses syst\u00e8mes connexes.<br>* Utiliser des techniques d&rsquo;exploration de donn\u00e9es, des robots ou des m\u00e9thodes similaires de collecte ou d&rsquo;extraction de donn\u00e9es.<\/p><p>3. Produits et prix<br>Nous mettons tout en \u0153uvre pour garantir l&rsquo;exactitude des informations sur les produits et les prix sur notre site web. Cependant, des erreurs peuvent se produire. Nous nous r\u00e9servons le droit de corriger toute erreur ou inexactitude et de modifier ou de mettre \u00e0 jour les informations \u00e0 tout moment et sans pr\u00e9avis. Nous nous r\u00e9servons \u00e9galement le droit de limiter les quantit\u00e9s disponibles \u00e0 la vente.<\/p><p>4. Commande et paiement<br>Toutes les commandes sont soumises \u00e0 l&rsquo;acceptation de Moroccan Brocade. Nous nous r\u00e9servons le droit de refuser ou d&rsquo;annuler une commande pour quelque raison que ce soit, y compris les limitations des quantit\u00e9s disponibles \u00e0 l&rsquo;achat, les inexactitudes ou les erreurs dans les informations sur les produits ou les prix, ou les probl\u00e8mes identifi\u00e9s par notre service de cr\u00e9dit et de pr\u00e9vention de la fraude.<br>Le paiement de votre commande est d\u00fb au moment de l&rsquo;achat. Nous acceptons [Liste des m\u00e9thodes de paiement accept\u00e9es, par exemple, cartes de cr\u00e9dit, PayPal, etc.]. Vous acceptez de fournir des informations d&rsquo;achat et de compte actuelles, compl\u00e8tes et exactes pour tous les achats effectu\u00e9s dans notre boutique. Vous acceptez de mettre \u00e0 jour rapidement votre compte et d&rsquo;autres informations, y compris votre adresse e-mail, vos num\u00e9ros de carte de cr\u00e9dit et vos dates d&rsquo;expiration, afin que nous puissions effectuer vos transactions et vous contacter si n\u00e9cessaire.<\/p><p>5. Exp\u00e9dition et livraison<br>Nos politiques d&rsquo;exp\u00e9dition et de livraison sont d\u00e9crites dans notre Politique d&rsquo;exp\u00e9dition et de retours, qui est int\u00e9gr\u00e9e aux pr\u00e9sentes Conditions d&rsquo;utilisation par r\u00e9f\u00e9rence.<\/p><p>6. Retours et \u00e9changes<br>Nos politiques de retour et d&rsquo;\u00e9change sont d\u00e9crites dans notre Politique d&rsquo;exp\u00e9dition et de retours, qui est int\u00e9gr\u00e9e aux pr\u00e9sentes Conditions d&rsquo;utilisation par r\u00e9f\u00e9rence.<\/p><p>7. Propri\u00e9t\u00e9 intellectuelle<br>Tout le contenu inclus sur le site web, tel que les textes, les graphiques, les logos, les images et les logiciels, est la propri\u00e9t\u00e9 de Moroccan Brocade ou de ses fournisseurs de contenu et est prot\u00e9g\u00e9 par les lois sur le droit d&rsquo;auteur, les marques de commerce et autres lois sur la propri\u00e9t\u00e9 intellectuelle. Vous ne pouvez pas utiliser, reproduire, modifier ou distribuer tout contenu de notre site web sans notre consentement \u00e9crit expr\u00e8s.<\/p><p>8. Contenu g\u00e9n\u00e9r\u00e9 par l&rsquo;utilisateur<br>En soumettant ou en publiant du contenu sur notre site web, vous nous accordez un droit non exclusif, libre de redevances, perp\u00e9tuel, irr\u00e9vocable et enti\u00e8rement sous-licenciable d&rsquo;utiliser, de reproduire, de modifier, d&rsquo;adapter, de publier, de traduire, de cr\u00e9er des \u0153uvres d\u00e9riv\u00e9es, de distribuer et d&rsquo;afficher ce contenu dans le monde entier et sur tout support. Vous d\u00e9clarez et garantissez que vous poss\u00e9dez ou contr\u00f4lez autrement tous les droits sur le contenu que vous publiez&nbsp;; que le contenu est exact&nbsp;; que l&rsquo;utilisation du contenu que vous fournissez ne viole pas cette politique et ne causera de pr\u00e9judice \u00e0 aucune personne ou entit\u00e9&nbsp;; et que vous nous indemniserez pour toutes les r\u00e9clamations r\u00e9sultant du contenu que vous fournissez.<\/p><p>9. Exclusion de garanties<br>Notre site web et nos produits sont fournis \u00ab en l&rsquo;\u00e9tat \u00bb et \u00ab selon la disponibilit\u00e9 \u00bb. Nous ne donnons aucune garantie d&rsquo;aucune sorte, expresse ou implicite, y compris, mais sans s&rsquo;y limiter, les garanties de qualit\u00e9 marchande, d&rsquo;ad\u00e9quation \u00e0 un usage particulier et de non-contrefa\u00e7on. Nous ne garantissons pas que le site web sera ininterrompu ou sans erreur.<\/p><p>10. Limitation de responsabilit\u00e9<br>En aucun cas, Moroccan Brocade, ses administrateurs, dirigeants, employ\u00e9s ou agents ne seront responsables des dommages indirects, accessoires, sp\u00e9ciaux, cons\u00e9cutifs ou punitifs d\u00e9coulant de votre utilisation de notre site web ou de tout produit achet\u00e9 par le biais de notre site web. Notre responsabilit\u00e9 totale envers vous pour toute r\u00e9clamation d\u00e9coulant des pr\u00e9sentes Conditions d&rsquo;utilisation ou de votre utilisation de notre site web ou de nos produits ne d\u00e9passera pas le montant que vous nous avez pay\u00e9 pour le produit ou le service en question.<\/p><p>11. Indemnisation<br>Vous acceptez d&rsquo;indemniser, de d\u00e9fendre et de d\u00e9gager de toute responsabilit\u00e9 Moroccan Brocade, ses administrateurs, dirigeants, employ\u00e9s et agents contre toutes les r\u00e9clamations, dommages, pertes, co\u00fbts, d\u00e9penses (y compris les honoraires d&rsquo;avocat raisonnables) et autres responsabilit\u00e9s d\u00e9coulant de ou en relation avec votre utilisation du site web, votre violation des pr\u00e9sentes Conditions d&rsquo;utilisation ou votre violation des droits d&rsquo;un tiers.<\/p><p>12. Droit applicable<br>Les pr\u00e9sentes Conditions d&rsquo;utilisation sont r\u00e9gies et interpr\u00e9t\u00e9es conform\u00e9ment aux lois du Maroc, sans \u00e9gard \u00e0 ses principes de conflit de lois.<\/p><p>13. Modifications des pr\u00e9sentes Conditions d&rsquo;utilisation<br>Nous nous r\u00e9servons le droit de modifier les pr\u00e9sentes Conditions d&rsquo;utilisation \u00e0 tout moment. Toute modification entrera en vigueur imm\u00e9diatement apr\u00e8s sa publication sur notre site web. Votre utilisation continue du site web apr\u00e8s la publication de toute modification des pr\u00e9sentes Conditions d&rsquo;utilisation constitue votre acceptation de ces modifications.<\/p><p>14. Contactez-nous<br>Si vous avez des questions concernant les pr\u00e9sentes Conditions d&rsquo;utilisation, veuillez nous contacter \u00e0 l&rsquo;adresse suivante&nbsp;: contact@moroccanbrocade.net ou au +212663318830 ou au 48 Rue Naciria, Tanger, Maroc 90000.<\/p>\t\t\t\t\t\t\t\t<\/div>\n\t\t\t\t<\/div>\n\t\t\t\t\t<\/div>\n\t\t\t\t<\/div>\n\t\t\t\t<\/div>\n\t\t","protected":false},"excerpt":{"rendered":"<p>CONDITIONS D&rsquo;UTILISATION Derni\u00e8re mise \u00e0 jour&nbsp;: [09\/01\/2025] Bienvenue chez moroccan brocade. Veuillez lire attentivement les pr\u00e9sentes Conditions d&rsquo;utilisation avant d&rsquo;utiliser notre site web et nos services. En acc\u00e9dant \u00e0 notre site web ou en l&rsquo;utilisant, vous acceptez d&rsquo;\u00eatre li\u00e9 par les pr\u00e9sentes Conditions d&rsquo;utilisation. 1. Acceptation des conditionsEn utilisant ce site web (moroccanbrocade.net) et\/ou en [&hellip;]<\/p>\n","protected":false},"author":1,"featured_media":0,"parent":0,"menu_order":0,"comment_status":"closed","ping_status":"closed","template":"","meta":{"footnotes":""},"class_list":["post-9054","page","type-page","status-publish","hentry"],"_links":{"self":[{"href":"https:\/\/moroccanbrocade.net\/fr\/wp-json\/wp\/v2\/pages\/9054","targetHints":{"allow":["GET"]}}],"collection":[{"href":"https:\/\/moroccanbrocade.net\/fr\/wp-json\/wp\/v2\/pages"}],"about":[{"href":"https:\/\/moroccanbrocade.net\/fr\/wp-json\/wp\/v2\/types\/page"}],"author":[{"embeddable":true,"href":"https:\/\/moroccanbrocade.net\/fr\/wp-json\/wp\/v2\/users\/1"}],"replies":[{"embeddable":true,"href":"https:\/\/moroccanbrocade.net\/fr\/wp-json\/wp\/v2\/comments?post=9054"}],"version-history":[{"count":1,"href":"https:\/\/moroccanbrocade.net\/fr\/wp-json\/wp\/v2\/pages\/9054\/revisions"}],"predecessor-version":[{"id":9055,"href":"https:\/\/moroccanbrocade.net\/fr\/wp-json\/wp\/v2\/pages\/9054\/revisions\/9055"}],"wp:attachment":[{"href":"https:\/\/moroccanbrocade.net\/fr\/wp-json\/wp\/v2\/media?parent=9054"}],"curies":[{"name":"wp","href":"https:\/\/api.w.org\/{rel}","templated":true}]}}