{"id":9042,"date":"2025-01-09T09:09:07","date_gmt":"2025-01-09T09:09:07","guid":{"rendered":"https:\/\/moroccanbrocade.net\/terminos-y-condiciones\/"},"modified":"2025-08-13T02:17:17","modified_gmt":"2025-08-13T02:17:17","slug":"terminos-y-condiciones","status":"publish","type":"page","link":"https:\/\/moroccanbrocade.net\/es\/terminos-y-condiciones\/","title":{"rendered":"T\u00e9rminos y condiciones"},"content":{"rendered":"\t\t<div data-elementor-type=\"wp-page\" data-elementor-id=\"9042\" class=\"elementor elementor-9042 elementor-4390\" data-elementor-post-type=\"page\">\n\t\t\t\t<div class=\"elementor-element elementor-element-26d852b e-flex e-con-boxed e-con e-parent\" data-id=\"26d852b\" data-element_type=\"container\">\n\t\t\t\t\t<div class=\"e-con-inner\">\n\t\t\t\t<div class=\"elementor-element elementor-element-06ccbbb elementor-widget elementor-widget-text-editor\" data-id=\"06ccbbb\" data-element_type=\"widget\" data-widget_type=\"text-editor.default\">\n\t\t\t\t<div class=\"elementor-widget-container\">\n\t\t\t\t\t\t\t\t\t<p>CONDICIONES DE SERVICIO<\/p><p>\u00daltima actualizaci\u00f3n: [09\/01\/2025]<\/p><p>Bienvenido a moroccan brocade. Por favor, lea atentamente estas Condiciones de Servicio antes de utilizar nuestro sitio web y nuestros servicios. Al acceder o utilizar nuestro sitio web, usted acepta quedar vinculado por estas Condiciones de Servicio.<\/p><p>1. Aceptaci\u00f3n de las Condiciones<br>Al utilizar este sitio web (moroccanbrocade.net) y\/o comprar productos de Moroccan Brocade, usted acepta estas Condiciones de Servicio, incluyendo cualquier pol\u00edtica o directriz incorporada aqu\u00ed por referencia. Si no est\u00e1 de acuerdo con estas condiciones, por favor, no utilice nuestro sitio web ni compre nuestros productos.<\/p><p>2. Uso del sitio web<br>Usted puede utilizar nuestro sitio web \u00fanicamente para fines l\u00edcitos. Est\u00e1 prohibido:<br>* Utilizar el sitio web de cualquier forma que viole las leyes o regulaciones aplicables.<br>* Suplantar la identidad de cualquier persona o entidad o tergiversar su afiliaci\u00f3n con cualquier persona o entidad.<br>* Publicar o transmitir cualquier contenido que sea ilegal, da\u00f1ino, amenazante, abusivo, acosador, difamatorio, vulgar, obsceno, calumnioso, invasivo de la privacidad de otro, odioso o racial, \u00e9tnicamente o de otra manera objetable.<br>* Intentar obtener acceso no autorizado a cualquier parte del sitio web o sus sistemas relacionados.<br>* Utilizar cualquier m\u00e9todo de miner\u00eda de datos, robots o m\u00e9todos similares de recopilaci\u00f3n o extracci\u00f3n de datos.<\/p><p>3. Productos y precios<br>Hacemos todo lo posible para asegurar que la informaci\u00f3n del producto y los precios en nuestro sitio web sean precisos. Sin embargo, pueden ocurrir errores. Nos reservamos el derecho de corregir cualquier error o inexactitud y de cambiar o actualizar la informaci\u00f3n en cualquier momento sin previo aviso. Tambi\u00e9n nos reservamos el derecho de limitar las cantidades disponibles para la venta.<\/p><p>4. Pedidos y pago<br>Todos los pedidos est\u00e1n sujetos a la aceptaci\u00f3n de Moroccan Brocade. Nos reservamos el derecho de rechazar o cancelar un pedido por cualquier raz\u00f3n, incluyendo limitaciones en las cantidades disponibles para la compra, inexactitudes o errores en la informaci\u00f3n del producto o del precio, o problemas identificados por nuestro departamento de cr\u00e9dito y prevenci\u00f3n de fraude.<br>El pago de su pedido vence en el momento de la compra. Aceptamos [Enumere los m\u00e9todos de pago aceptados, por ejemplo, tarjetas de cr\u00e9dito, PayPal, etc.]. Usted se compromete a proporcionar informaci\u00f3n de compra y de cuenta actual, completa y precisa para todas las compras realizadas en nuestra tienda. Usted se compromete a actualizar puntualmente su cuenta y otra informaci\u00f3n, incluyendo su direcci\u00f3n de correo electr\u00f3nico y los n\u00fameros de tarjeta de cr\u00e9dito y las fechas de caducidad, para que podamos completar sus transacciones y ponernos en contacto con usted seg\u00fan sea necesario.<\/p><p>5. Env\u00edo y entrega<br>Nuestras pol\u00edticas de env\u00edo y entrega se describen en nuestra Pol\u00edtica de Env\u00edo y Devoluciones, que se incorpora a estas Condiciones de Servicio por referencia.<\/p><p>6. Devoluciones y cambios<br>Nuestras pol\u00edticas de devoluci\u00f3n y cambio se describen en nuestra Pol\u00edtica de Env\u00edo y Devoluciones, que se incorpora a estas Condiciones de Servicio por referencia.<\/p><p>7. Propiedad intelectual<br>Todo el contenido incluido en el sitio web, como texto, gr\u00e1ficos, logotipos, im\u00e1genes y software, es propiedad de Moroccan Brocade o de sus proveedores de contenido y est\u00e1 protegido por las leyes de derechos de autor, marcas registradas y otras leyes de propiedad intelectual. Usted no puede utilizar, reproducir, modificar o distribuir ning\u00fan contenido de nuestro sitio web sin nuestro consentimiento expreso por escrito.<\/p><p>8. Contenido generado por el usuario<br>Al enviar o publicar contenido en nuestro sitio web, usted nos concede un derecho no exclusivo, libre de regal\u00edas, perpetuo, irrevocable y totalmente sublicenciable para usar, reproducir, modificar, adaptar, publicar, traducir, crear trabajos derivados de, distribuir y mostrar dicho contenido en todo el mundo en cualquier medio. Usted declara y garantiza que posee o controla de otro modo todos los derechos del contenido que publica; que el contenido es preciso; que el uso del contenido que suministra no viola esta pol\u00edtica y no causar\u00e1 da\u00f1o a ninguna persona o entidad; y que nos indemnizar\u00e1 por todas las reclamaciones que resulten del contenido que suministre.<\/p><p>9. Descargo de responsabilidad de las garant\u00edas<br>Nuestro sitio web y nuestros productos se proporcionan \u201ctal cual\u201d y \u201cseg\u00fan disponibilidad\u201d. No ofrecemos garant\u00edas de ning\u00fan tipo, ni expresas ni impl\u00edcitas, incluyendo, pero no limitado a, las garant\u00edas de comerciabilidad, idoneidad para un prop\u00f3sito particular y no infracci\u00f3n. No garantizamos que el sitio web sea ininterrumpido o est\u00e9 libre de errores.<\/p><p>10. Limitaci\u00f3n de responsabilidad<br>En ning\u00fan caso Moroccan Brocade, sus directores, funcionarios, empleados o agentes ser\u00e1n responsables de ning\u00fan da\u00f1o indirecto, incidental, especial, consecuente o punitivo que surja de su uso de nuestro sitio web o de cualquier producto comprado a trav\u00e9s de nuestro sitio web. Nuestra responsabilidad total hacia usted por cualquier reclamaci\u00f3n que surja de o est\u00e9 relacionada con estas Condiciones de Servicio o su uso de nuestro sitio web o productos no exceder\u00e1 la cantidad que nos pag\u00f3 por el producto o servicio en cuesti\u00f3n.<\/p><p>11. Indemnizaci\u00f3n<br>Usted se compromete a indemnizar, defender y mantener indemne a Moroccan Brocade, sus directores, funcionarios, empleados y agentes de y contra cualquier y todas las reclamaciones, da\u00f1os, p\u00e9rdidas, costos, gastos (incluyendo honorarios razonables de abogados) y otras responsabilidades que surjan de o en conexi\u00f3n con su uso del sitio web, su violaci\u00f3n de estas Condiciones de Servicio, o su violaci\u00f3n de cualquier derecho de terceros.<\/p><p>12. Ley aplicable<br>Estas Condiciones de Servicio se regir\u00e1n e interpretar\u00e1n de acuerdo con las leyes de Marruecos, sin tener en cuenta sus principios de conflicto de leyes.<\/p><p>13. Cambios en estas Condiciones de Servicio<br>Nos reservamos el derecho de modificar estas Condiciones de Servicio en cualquier momento. Cualquier cambio ser\u00e1 efectivo inmediatamente despu\u00e9s de su publicaci\u00f3n en nuestro sitio web. Su uso continuado del sitio web despu\u00e9s de la publicaci\u00f3n de cualquier cambio en estas Condiciones de Servicio constituye su aceptaci\u00f3n de dichos cambios.<\/p><p>14. Contacto<br>Si tiene alguna pregunta sobre estas Condiciones de Servicio, por favor, p\u00f3ngase en contacto con nosotros en: contact@moroccanbrocade.net O +212663318830 O 48 Rue Naciria, T\u00e1nger, Marruecos 90000.<\/p>\t\t\t\t\t\t\t\t<\/div>\n\t\t\t\t<\/div>\n\t\t\t\t\t<\/div>\n\t\t\t\t<\/div>\n\t\t\t\t<\/div>\n\t\t","protected":false},"excerpt":{"rendered":"<p>CONDICIONES DE SERVICIO \u00daltima actualizaci\u00f3n: [09\/01\/2025] Bienvenido a moroccan brocade. Por favor, lea atentamente estas Condiciones de Servicio antes de utilizar nuestro sitio web y nuestros servicios. Al acceder o utilizar nuestro sitio web, usted acepta quedar vinculado por estas Condiciones de Servicio. 1. Aceptaci\u00f3n de las CondicionesAl utilizar este sitio web (moroccanbrocade.net) y\/o comprar [&hellip;]<\/p>\n","protected":false},"author":1,"featured_media":0,"parent":0,"menu_order":0,"comment_status":"closed","ping_status":"closed","template":"","meta":{"footnotes":""},"class_list":["post-9042","page","type-page","status-publish","hentry"],"_links":{"self":[{"href":"https:\/\/moroccanbrocade.net\/es\/wp-json\/wp\/v2\/pages\/9042","targetHints":{"allow":["GET"]}}],"collection":[{"href":"https:\/\/moroccanbrocade.net\/es\/wp-json\/wp\/v2\/pages"}],"about":[{"href":"https:\/\/moroccanbrocade.net\/es\/wp-json\/wp\/v2\/types\/page"}],"author":[{"embeddable":true,"href":"https:\/\/moroccanbrocade.net\/es\/wp-json\/wp\/v2\/users\/1"}],"replies":[{"embeddable":true,"href":"https:\/\/moroccanbrocade.net\/es\/wp-json\/wp\/v2\/comments?post=9042"}],"version-history":[{"count":1,"href":"https:\/\/moroccanbrocade.net\/es\/wp-json\/wp\/v2\/pages\/9042\/revisions"}],"predecessor-version":[{"id":9043,"href":"https:\/\/moroccanbrocade.net\/es\/wp-json\/wp\/v2\/pages\/9042\/revisions\/9043"}],"wp:attachment":[{"href":"https:\/\/moroccanbrocade.net\/es\/wp-json\/wp\/v2\/media?parent=9042"}],"curies":[{"name":"wp","href":"https:\/\/api.w.org\/{rel}","templated":true}]}}