{"id":9046,"date":"2025-01-09T09:09:07","date_gmt":"2025-01-09T09:09:07","guid":{"rendered":"https:\/\/moroccanbrocade.net\/allgemeine-geschaeftsbedingungen\/"},"modified":"2025-08-13T02:17:57","modified_gmt":"2025-08-13T02:17:57","slug":"allgemeine-geschaeftsbedingungen","status":"publish","type":"page","link":"https:\/\/moroccanbrocade.net\/de\/allgemeine-geschaeftsbedingungen\/","title":{"rendered":"Allgemeine Gesch\u00e4ftsbedingungen"},"content":{"rendered":"\t\t<div data-elementor-type=\"wp-page\" data-elementor-id=\"9046\" class=\"elementor elementor-9046 elementor-4390\" data-elementor-post-type=\"page\">\n\t\t\t\t<div class=\"elementor-element elementor-element-26d852b e-flex e-con-boxed e-con e-parent\" data-id=\"26d852b\" data-element_type=\"container\">\n\t\t\t\t\t<div class=\"e-con-inner\">\n\t\t\t\t<div class=\"elementor-element elementor-element-06ccbbb elementor-widget elementor-widget-text-editor\" data-id=\"06ccbbb\" data-element_type=\"widget\" data-widget_type=\"text-editor.default\">\n\t\t\t\t<div class=\"elementor-widget-container\">\n\t\t\t\t\t\t\t\t\t<p>NUTZUNGSBEDINGUNGEN<\/p><p>Zuletzt aktualisiert: [01.09.2025]<\/p><p>Willkommen bei Moroccan Brocade. Bitte lesen Sie diese Nutzungsbedingungen sorgf\u00e4ltig durch, bevor Sie unsere Website und Dienste nutzen. Durch den Zugriff auf oder die Nutzung unserer Website erkl\u00e4ren Sie sich mit diesen Nutzungsbedingungen einverstanden.<\/p><p>1. Annahme der Bedingungen<br>Durch die Nutzung dieser Website (moroccanbrocade.net) und\/oder den Kauf von Produkten von Moroccan Brocade erkl\u00e4ren Sie sich mit diesen Nutzungsbedingungen einverstanden, einschlie\u00dflich aller hierin durch Verweis einbezogenen Richtlinien oder Leitlinien. Wenn Sie diesen Bedingungen nicht zustimmen, nutzen Sie bitte unsere Website nicht und kaufen Sie unsere Produkte nicht.<\/p><p>2. Nutzung der Website<br>Sie d\u00fcrfen unsere Website nur f\u00fcr rechtm\u00e4\u00dfige Zwecke nutzen. Es ist Ihnen untersagt:<br>* Die Website in einer Weise zu nutzen, die gegen geltende Gesetze oder Vorschriften verst\u00f6\u00dft.<br>* Sich als eine andere Person oder juristische Person auszugeben oder Ihre Zugeh\u00f6rigkeit zu einer Person oder juristischen Person falsch darzustellen.<br>* Inhalte zu ver\u00f6ffentlichen oder zu \u00fcbermitteln, die rechtswidrig, sch\u00e4dlich, bedrohlich, beleidigend, bel\u00e4stigend, verleumderisch, vulg\u00e4r, obsz\u00f6n, diffamierend, die Privatsph\u00e4re anderer verletzend, hasserf\u00fcllt oder rassistisch, ethnisch oder anderweitig anst\u00f6\u00dfig sind.<br>* Zu versuchen, unbefugten Zugriff auf Teile der Website oder die damit verbundenen Systeme zu erlangen.<br>* Data Mining, Roboter oder \u00e4hnliche Datenerfassungs- oder Extraktionsmethoden zu verwenden.<\/p><p>3. Produkte und Preise<br>Wir bem\u00fchen uns nach Kr\u00e4ften sicherzustellen, dass die Produktinformationen und Preise auf unserer Website korrekt sind. Es k\u00f6nnen jedoch Fehler auftreten. Wir behalten uns das Recht vor, Fehler oder Ungenauigkeiten zu korrigieren und Informationen jederzeit ohne vorherige Ank\u00fcndigung zu \u00e4ndern oder zu aktualisieren. Wir behalten uns au\u00dferdem das Recht vor, die zum Verkauf stehenden Mengen zu begrenzen.<\/p><p>4. Bestellung und Zahlung<br>Alle Bestellungen unterliegen der Annahme durch Moroccan Brocade. Wir behalten uns das Recht vor, eine Bestellung aus beliebigem Grund abzulehnen oder zu stornieren, einschlie\u00dflich Einschr\u00e4nkungen der zum Kauf verf\u00fcgbaren Mengen, Ungenauigkeiten oder Fehler in Produkt- oder Preisinformationen oder Problemen, die von unserer Abteilung f\u00fcr Kredit- und Betrugspr\u00e4vention festgestellt wurden.<br>Die Zahlung f\u00fcr Ihre Bestellung ist zum Zeitpunkt des Kaufs f\u00e4llig. Wir akzeptieren [Liste der akzeptierten Zahlungsmethoden, z.B. Kreditkarten, PayPal, usw.]. Sie stimmen zu, aktuelle, vollst\u00e4ndige und genaue Kauf- und Kontoinformationen f\u00fcr alle in unserem Gesch\u00e4ft get\u00e4tigten K\u00e4ufe bereitzustellen. Sie stimmen zu, Ihr Konto und andere Informationen, einschlie\u00dflich Ihrer E-Mail-Adresse sowie Kreditkartennummern und Ablaufdaten, unverz\u00fcglich zu aktualisieren, damit wir Ihre Transaktionen abschlie\u00dfen und Sie bei Bedarf kontaktieren k\u00f6nnen.<\/p><p>5. Versand und Lieferung<br>Unsere Versand- &amp; R\u00fcckgaberichtlinie, die durch Verweis in diese Nutzungsbedingungen aufgenommen wird.<\/p><p>6. R\u00fccksendungen und Umtausch<br>Unsere R\u00fcckgabe- und Umtauschrichtlinien sind in unserer Versand- &amp; R\u00fcckgaberichtlinie dargelegt, die durch Verweis in diese Nutzungsbedingungen aufgenommen wird.<\/p><p>7. Geistiges Eigentum<br>Alle auf der Website enthaltenen Inhalte, wie Texte, Grafiken, Logos, Bilder und Software, sind Eigentum von Moroccan Brocade oder seinen Inhaltsanbietern und sind durch Urheber-, Marken- und andere Gesetze zum Schutz des geistigen Eigentums gesch\u00fctzt. Sie d\u00fcrfen Inhalte unserer Website ohne unsere ausdr\u00fcckliche schriftliche Zustimmung nicht nutzen, reproduzieren, modifizieren oder verbreiten.<\/p><p>8. Nutzergenerierte Inhalte<br>Durch das Einreichen oder Ver\u00f6ffentlichen von Inhalten auf unserer Website gew\u00e4hren Sie uns ein nicht-exklusives, geb\u00fchrenfreies, unbefristetes, unwiderrufliches und vollst\u00e4ndig unterlizenzierbares Recht, solche Inhalte weltweit in allen Medien zu nutzen, zu reproduzieren, zu modifizieren, anzupassen, zu ver\u00f6ffentlichen, zu \u00fcbersetzen, abgeleitete Werke daraus zu erstellen, zu verbreiten und anzuzeigen. Sie versichern und gew\u00e4hrleisten, dass Sie alle Rechte an den von Ihnen ver\u00f6ffentlichten Inhalten besitzen oder anderweitig kontrollieren; dass der Inhalt korrekt ist; dass die Nutzung der von Ihnen bereitgestellten Inhalte nicht gegen diese Richtlinie verst\u00f6\u00dft und keiner Person oder juristischen Person Schaden zuf\u00fcgt; und dass Sie uns f\u00fcr alle Anspr\u00fcche entsch\u00e4digen werden, die sich aus von Ihnen bereitgestellten Inhalten ergeben.<\/p><p>9. Gew\u00e4hrleistungsausschluss<br>Unsere Website und Produkte werden auf einer \u201ewie besehen\u201c und \u201ewie verf\u00fcgbar\u201c Basis bereitgestellt. Wir geben keinerlei Garantien, weder ausdr\u00fccklich noch stillschweigend, einschlie\u00dflich, aber nicht beschr\u00e4nkt auf Garantien der Marktg\u00e4ngigkeit, der Eignung f\u00fcr einen bestimmten Zweck und der Nichtverletzung von Rechten Dritter. Wir garantieren nicht, dass die Website ununterbrochen oder fehlerfrei ist.<\/p><p>10. Haftungsbeschr\u00e4nkung<br>In keinem Fall haften Moroccan Brocade, seine Direktoren, leitenden Angestellten, Mitarbeiter oder Vertreter f\u00fcr indirekte, zuf\u00e4llige, besondere, Folge- oder Strafsch\u00e4den, die sich aus Ihrer Nutzung unserer Website oder Produkten, die \u00fcber unsere Website gekauft wurden, ergeben. Unsere Gesamthaftung Ihnen gegen\u00fcber f\u00fcr alle Anspr\u00fcche, die sich aus oder im Zusammenhang mit diesen Nutzungsbedingungen oder Ihrer Nutzung unserer Website oder Produkte ergeben, \u00fcbersteigt nicht den Betrag, den Sie uns f\u00fcr das betreffende Produkt oder die betreffende Dienstleistung gezahlt haben.<\/p><p>11. Freistellung<br>Sie stimmen zu, Moroccan Brocade, seine Direktoren, leitenden Angestellten, Mitarbeiter und Vertreter von und gegen alle Anspr\u00fcche, Sch\u00e4den, Verluste, Kosten, Ausgaben (einschlie\u00dflich angemessener Anwaltsgeb\u00fchren) und andere Verbindlichkeiten freizustellen, zu verteidigen und schadlos zu halten, die sich aus oder im Zusammenhang mit Ihrer Nutzung der Website, Ihrer Verletzung dieser Nutzungsbedingungen oder Ihrer Verletzung von Rechten Dritter ergeben.<\/p><p>12. Anwendbares Recht<br>Diese Nutzungsbedingungen unterliegen den Gesetzen Marokkos und sind entsprechend auszulegen, ohne R\u00fccksicht auf dessen Kollisionsnormen.<\/p><p>13. \u00c4nderungen dieser Nutzungsbedingungen<br>Wir behalten uns das Recht vor, diese Nutzungsbedingungen jederzeit zu \u00e4ndern. Alle \u00c4nderungen werden sofort nach Ver\u00f6ffentlichung auf unserer Website wirksam. Ihre fortgesetzte Nutzung der Website nach der Ver\u00f6ffentlichung von \u00c4nderungen dieser Nutzungsbedingungen stellt Ihre Annahme dieser \u00c4nderungen dar.<\/p><p>14. Kontaktieren Sie uns<br>Wenn Sie Fragen zu diesen Nutzungsbedingungen haben, kontaktieren Sie uns bitte unter: contact@moroccanbrocade.net Oder +212663318830 Oder 48 Rue Naciria, Tangier, Morocco 90000.<\/p>\t\t\t\t\t\t\t\t<\/div>\n\t\t\t\t<\/div>\n\t\t\t\t\t<\/div>\n\t\t\t\t<\/div>\n\t\t\t\t<\/div>\n\t\t","protected":false},"excerpt":{"rendered":"<p>NUTZUNGSBEDINGUNGEN Zuletzt aktualisiert: [01.09.2025] Willkommen bei Moroccan Brocade. Bitte lesen Sie diese Nutzungsbedingungen sorgf\u00e4ltig durch, bevor Sie unsere Website und Dienste nutzen. Durch den Zugriff auf oder die Nutzung unserer Website erkl\u00e4ren Sie sich mit diesen Nutzungsbedingungen einverstanden. 1. Annahme der BedingungenDurch die Nutzung dieser Website (moroccanbrocade.net) und\/oder den Kauf von Produkten von Moroccan Brocade [&hellip;]<\/p>\n","protected":false},"author":1,"featured_media":0,"parent":0,"menu_order":0,"comment_status":"closed","ping_status":"closed","template":"","meta":{"footnotes":""},"class_list":["post-9046","page","type-page","status-publish","hentry"],"_links":{"self":[{"href":"https:\/\/moroccanbrocade.net\/de\/wp-json\/wp\/v2\/pages\/9046","targetHints":{"allow":["GET"]}}],"collection":[{"href":"https:\/\/moroccanbrocade.net\/de\/wp-json\/wp\/v2\/pages"}],"about":[{"href":"https:\/\/moroccanbrocade.net\/de\/wp-json\/wp\/v2\/types\/page"}],"author":[{"embeddable":true,"href":"https:\/\/moroccanbrocade.net\/de\/wp-json\/wp\/v2\/users\/1"}],"replies":[{"embeddable":true,"href":"https:\/\/moroccanbrocade.net\/de\/wp-json\/wp\/v2\/comments?post=9046"}],"version-history":[{"count":1,"href":"https:\/\/moroccanbrocade.net\/de\/wp-json\/wp\/v2\/pages\/9046\/revisions"}],"predecessor-version":[{"id":9047,"href":"https:\/\/moroccanbrocade.net\/de\/wp-json\/wp\/v2\/pages\/9046\/revisions\/9047"}],"wp:attachment":[{"href":"https:\/\/moroccanbrocade.net\/de\/wp-json\/wp\/v2\/media?parent=9046"}],"curies":[{"name":"wp","href":"https:\/\/api.w.org\/{rel}","templated":true}]}}