{"id":9038,"date":"2025-01-09T09:10:30","date_gmt":"2025-01-09T09:10:30","guid":{"rendered":"https:\/\/moroccanbrocade.net\/versand-rueckgaberichtlinien\/"},"modified":"2025-08-13T02:16:59","modified_gmt":"2025-08-13T02:16:59","slug":"versand-rueckgaberichtlinien","status":"publish","type":"page","link":"https:\/\/moroccanbrocade.net\/de\/versand-rueckgaberichtlinien\/","title":{"rendered":"Versand- &amp; R\u00fcckgaberichtlinien"},"content":{"rendered":"\t\t<div data-elementor-type=\"wp-page\" data-elementor-id=\"9038\" class=\"elementor elementor-9038 elementor-4397\" data-elementor-post-type=\"page\">\n\t\t\t\t<div class=\"elementor-element elementor-element-26d852b e-flex e-con-boxed e-con e-parent\" data-id=\"26d852b\" data-element_type=\"container\">\n\t\t\t\t\t<div class=\"e-con-inner\">\n\t\t\t\t<div class=\"elementor-element elementor-element-06ccbbb elementor-widget elementor-widget-text-editor\" data-id=\"06ccbbb\" data-element_type=\"widget\" data-widget_type=\"text-editor.default\">\n\t\t\t\t<div class=\"elementor-widget-container\">\n\t\t\t\t\t\t\t\t\t<p>VERSAND- &amp; R\u00dcCKGABERICHTLINIEN<\/p><p>Zuletzt aktualisiert: [01.09.2025]<\/p><p>Vielen Dank f\u00fcr Ihren Einkauf bei Moroccan Brocade. Diese Versand- &amp; R\u00fcckgaberichtlinien legen unsere Versandverfahren und R\u00fcckgaberichtlinien dar.<\/p><p>1. Versand<br>* Bearbeitungszeit der Bestellung: Die meisten Bestellungen werden innerhalb von [Anzahl] Werktagen bearbeitet. Die Bearbeitungszeit kann w\u00e4hrend der Hochsaison oder bei Sonderanfertigungen l\u00e4nger sein.<br>* Versandmethoden: Wir versenden \u00fcber [Liste Ihrer Versanddienstleister, z. B. USPS, UPS, FedEx usw.]. Versandoptionen und voraussichtliche Lieferzeiten werden an der Kasse angezeigt.<br>* Versandkosten: Die Versandkosten werden auf der Grundlage des Gewichts Ihrer Bestellung und Ihrer Lieferadresse berechnet. Die Versandkosten werden an der Kasse angezeigt.<br>* Internationaler Versand: Wir bieten m\u00f6glicherweise internationalen Versand in ausgew\u00e4hlte L\u00e4nder an. Bitte pr\u00fcfen Sie die Versandoptionen an der Kasse auf Verf\u00fcgbarkeit. Zollgeb\u00fchren und Steuern liegen in der Verantwortung des K\u00e4ufers.<br>* Sendungsverfolgung Ihrer Bestellung: Sobald Ihre Bestellung versandt wurde, erhalten Sie eine Best\u00e4tigungs-E-Mail mit Sendungsverfolgungsinformationen.<br>* Lieferzeiten: Voraussichtliche Lieferzeiten werden nicht garantiert. Wir sind nicht verantwortlich f\u00fcr Lieferverz\u00f6gerungen, die durch unsere Versanddienstleister, den Zoll oder andere unvorhergesehene Umst\u00e4nde verursacht werden.<\/p><p>2. R\u00fccksendungen<br>* R\u00fcckgabeberechtigung: Wir akzeptieren R\u00fccksendungen der meisten unbenutzten und unge\u00f6ffneten Artikel innerhalb von [Anzahl] Tagen ab Lieferdatum. Bestimmte Artikel, wie z. B. Sonderanfertigungen, sind m\u00f6glicherweise nicht r\u00fcckgabeberechtigt.<br>* So leiten Sie eine R\u00fccksendung ein: Um eine R\u00fccksendung einzuleiten, kontaktieren Sie bitte unser Kundenservice-Team unter contact@moroccanbrocade.net mit Ihrer Bestellnummer und dem Grund f\u00fcr die R\u00fccksendung.<br>* R\u00fccksendekosten: Die Kosten f\u00fcr die R\u00fccksendung tr\u00e4gt der K\u00e4ufer, es sei denn, das Produkt ist defekt oder wir haben einen Fehler beim Versand Ihrer Bestellung gemacht.<br>* R\u00fccksendeverpackung: Zur\u00fcckgesendete Artikel m\u00fcssen sich im Originalzustand befinden, einschlie\u00dflich aller Originalverpackungen und Etiketten. Bitte stellen Sie sicher, dass die Artikel sicher verpackt sind, um Transportsch\u00e4den zu vermeiden.<br>* R\u00fccksendepr\u00fcfung und Genehmigung: Nach Erhalt Ihrer R\u00fccksendung werden wir die Artikel pr\u00fcfen, um sicherzustellen, dass sie unseren R\u00fcckgaberichtlinien entsprechen. Sobald Ihre R\u00fccksendung genehmigt wurde, werden wir Ihre R\u00fcckerstattung bearbeiten.<br>* R\u00fcckerstattungen: R\u00fcckerstattungen erfolgen auf die urspr\u00fcngliche Zahlungsmethode. Bitte rechnen Sie mit [Anzahl] Werktagen f\u00fcr die Bearbeitung der R\u00fcckerstattung.<\/p><p>3. Umtausch<br>* Umtauschberechtigung: Wir akzeptieren den Umtausch der meisten unbenutzten und unge\u00f6ffneten Artikel innerhalb von [Anzahl] Tagen ab Lieferdatum. Bestimmte Artikel, wie z. B. Sonderanfertigungen, sind m\u00f6glicherweise nicht umtauschberechtigt.<br>* So leiten Sie einen Umtausch ein: Um einen Umtausch einzuleiten, kontaktieren Sie bitte unser Kundenservice-Team unter contact@moroccanbrocade.net mit Ihrer Bestellnummer und dem Grund f\u00fcr den Umtausch.<br>* Umtauschkosten: Die Versandkosten f\u00fcr den Umtausch tr\u00e4gt der K\u00e4ufer, es sei denn, das Produkt ist defekt oder wir haben einen Fehler beim Versand Ihrer Bestellung gemacht.<br>* Umtauschverfahren: Nachdem Ihr Umtausch genehmigt wurde, m\u00fcssen Sie den Originalartikel zur\u00fccksenden, und wir senden den Ersatz, sobald das Original empfangen und gepr\u00fcft wurde.<\/p><p>4. Besch\u00e4digte oder defekte Produkte<br>* Besch\u00e4digte oder defekte Produkte k\u00f6nnen auf unsere Kosten zur\u00fcckgegeben oder umgetauscht werden. Bitte kontaktieren Sie unser Kundenservice-Team unter contact@moroccanbrocade.net innerhalb von [Anzahl] Tagen nach Lieferung, um besch\u00e4digte oder defekte Produkte zu melden. Wir k\u00f6nnen fotografische Beweise zur \u00dcberpr\u00fcfung des Schadens oder Defekts verlangen.<\/p><p>5. Stornierungen<br>* Sie k\u00f6nnen Ihre Bestellung m\u00f6glicherweise stornieren, wenn sie noch nicht versandt wurde. Bitte kontaktieren Sie unser Kundenservice-Team unter contact@moroccanbrocade.net umgehend, um eine Stornierung anzufordern. Sobald die Bestellung versandt wurde, gelten die normalen R\u00fcckgaberichtlinien.<\/p><p>6. Kontakt<br>Wenn Sie Fragen zu diesen Versand- &amp; R\u00fcckgaberichtlinien haben, kontaktieren Sie uns bitte unter: contact@moroccanbrocade.net Oder +212663318830 Oder 48 Rue Naciria, Tanger, Marokko 90000.<\/p>\t\t\t\t\t\t\t\t<\/div>\n\t\t\t\t<\/div>\n\t\t\t\t\t<\/div>\n\t\t\t\t<\/div>\n\t\t\t\t<\/div>\n\t\t","protected":false},"excerpt":{"rendered":"<p>VERSAND- &amp; R\u00dcCKGABERICHTLINIEN Zuletzt aktualisiert: [01.09.2025] Vielen Dank f\u00fcr Ihren Einkauf bei Moroccan Brocade. Diese Versand- &amp; R\u00fcckgaberichtlinien legen unsere Versandverfahren und R\u00fcckgaberichtlinien dar. 1. Versand* Bearbeitungszeit der Bestellung: Die meisten Bestellungen werden innerhalb von [Anzahl] Werktagen bearbeitet. Die Bearbeitungszeit kann w\u00e4hrend der Hochsaison oder bei Sonderanfertigungen l\u00e4nger sein.* Versandmethoden: Wir versenden \u00fcber [Liste Ihrer [&hellip;]<\/p>\n","protected":false},"author":1,"featured_media":0,"parent":0,"menu_order":0,"comment_status":"closed","ping_status":"closed","template":"","meta":{"footnotes":""},"class_list":["post-9038","page","type-page","status-publish","hentry"],"_links":{"self":[{"href":"https:\/\/moroccanbrocade.net\/de\/wp-json\/wp\/v2\/pages\/9038","targetHints":{"allow":["GET"]}}],"collection":[{"href":"https:\/\/moroccanbrocade.net\/de\/wp-json\/wp\/v2\/pages"}],"about":[{"href":"https:\/\/moroccanbrocade.net\/de\/wp-json\/wp\/v2\/types\/page"}],"author":[{"embeddable":true,"href":"https:\/\/moroccanbrocade.net\/de\/wp-json\/wp\/v2\/users\/1"}],"replies":[{"embeddable":true,"href":"https:\/\/moroccanbrocade.net\/de\/wp-json\/wp\/v2\/comments?post=9038"}],"version-history":[{"count":1,"href":"https:\/\/moroccanbrocade.net\/de\/wp-json\/wp\/v2\/pages\/9038\/revisions"}],"predecessor-version":[{"id":9039,"href":"https:\/\/moroccanbrocade.net\/de\/wp-json\/wp\/v2\/pages\/9038\/revisions\/9039"}],"wp:attachment":[{"href":"https:\/\/moroccanbrocade.net\/de\/wp-json\/wp\/v2\/media?parent=9038"}],"curies":[{"name":"wp","href":"https:\/\/api.w.org\/{rel}","templated":true}]}}